{"id":2336,"date":"2025-11-14T11:03:15","date_gmt":"2025-11-14T09:03:15","guid":{"rendered":"http:\/\/ninankuvamaailma.fi\/?post_type=product&#038;p=2336"},"modified":"2025-12-17T11:39:57","modified_gmt":"2025-12-17T09:39:57","slug":"harman-phoenix-ii-200-120","status":"publish","type":"product","link":"https:\/\/ninankuvamaailma.fi\/en\/product\/harman-phoenix-ii-200-120\/","title":{"rendered":"Harman Phoenix II 200, 120"},"content":{"rendered":"<div class=\"ReactCollapse--collapse\" aria-hidden=\"false\">\n<div class=\"ReactCollapse--content\">\n<div class=\"sc-d1d3718d-0 gTpngd\">\n<article class=\"sc-9467125e-0 kzXBq\">\n<div>Harman Phoenix II on Harman Technologyn p\u00e4ivitetty v\u00e4rinegatiivifilmi, joka on saatavana sek\u00e4 35 mm:n ett\u00e4 120 mm:n formaateissa. T\u00e4ysin uudelle emulsiolle rakennettu filmi tarjoaa hienompaa raekokoa, parempaa ter\u00e4vyytt\u00e4 ja tasaisempaa kontrastia &#8211; s\u00e4ilytt\u00e4en samalla alkuper\u00e4isen Harman Phoenixin rohkean ja eloisan tyylin.<\/div>\n<\/article>\n<\/div>\n<\/div>\n<\/div>","protected":false},"excerpt":{"rendered":"<p>Harman Phoenix II on Harman Technologyn p\u00e4ivitetty v\u00e4rinegatiivifilmi, joka on saatavana sek\u00e4 35 mm:n ett\u00e4 120 mm:n formaateissa. T\u00e4ysin uudelle emulsiolle rakennettu filmi tarjoaa hienompaa raekokoa, parempaa ter\u00e4vyytt\u00e4 ja tasaisempaa kontrastia &#8211; s\u00e4ilytt\u00e4en samalla alkuper\u00e4isen Harman Phoenixin rohkean ja eloisan tyylin.<\/p>","protected":false},"featured_media":2322,"comment_status":"open","ping_status":"closed","template":"","meta":[],"product_brand":[37],"product_cat":[39,30],"product_tag":[41],"class_list":{"0":"post-2336","1":"product","2":"type-product","3":"status-publish","4":"has-post-thumbnail","6":"product_brand-harman","7":"product_cat-39","8":"product_cat-filmit","9":"product_tag-41","10":"product_shipping_class-kirjelaatikko","12":"first","13":"instock","14":"taxable","15":"shipping-taxable","16":"purchasable","17":"product-type-simple"},"_links":{"self":[{"href":"https:\/\/ninankuvamaailma.fi\/en\/wp-json\/wp\/v2\/product\/2336","targetHints":{"allow":["GET"]}}],"collection":[{"href":"https:\/\/ninankuvamaailma.fi\/en\/wp-json\/wp\/v2\/product"}],"about":[{"href":"https:\/\/ninankuvamaailma.fi\/en\/wp-json\/wp\/v2\/types\/product"}],"replies":[{"embeddable":true,"href":"https:\/\/ninankuvamaailma.fi\/en\/wp-json\/wp\/v2\/comments?post=2336"}],"wp:featuredmedia":[{"embeddable":true,"href":"https:\/\/ninankuvamaailma.fi\/en\/wp-json\/wp\/v2\/media\/2322"}],"wp:attachment":[{"href":"https:\/\/ninankuvamaailma.fi\/en\/wp-json\/wp\/v2\/media?parent=2336"}],"wp:term":[{"taxonomy":"product_brand","embeddable":true,"href":"https:\/\/ninankuvamaailma.fi\/en\/wp-json\/wp\/v2\/product_brand?post=2336"},{"taxonomy":"product_cat","embeddable":true,"href":"https:\/\/ninankuvamaailma.fi\/en\/wp-json\/wp\/v2\/product_cat?post=2336"},{"taxonomy":"product_tag","embeddable":true,"href":"https:\/\/ninankuvamaailma.fi\/en\/wp-json\/wp\/v2\/product_tag?post=2336"}],"curies":[{"name":"wp","href":"https:\/\/api.w.org\/{rel}","templated":true}]}}