{"id":1952,"date":"2025-10-28T07:55:45","date_gmt":"2025-10-28T05:55:45","guid":{"rendered":"http:\/\/ninankuvamaailma.fi\/?post_type=product&#038;p=1952"},"modified":"2025-12-17T11:39:57","modified_gmt":"2025-12-17T09:39:57","slug":"kehitys-skannaus-ja-valokuvat-120-filmi","status":"publish","type":"product","link":"https:\/\/ninankuvamaailma.fi\/en\/product\/kehitys-skannaus-ja-valokuvat-120-filmi\/","title":{"rendered":"Kehitys, skannaus ja valokuvat, 120 filmi"},"content":{"rendered":"<p dir=\"auto\">T\u00e4m\u00e4 palvelu pit\u00e4\u00e4 sis\u00e4ll\u00e4\u00e4n 120 filmin kehityksen, skannauksen kuvatiedostoiksi, sek\u00e4 valokuvat joko 10cm tai 15cm kokoisena*.<\/p>\n<p dir=\"auto\">Tavallinen kuvakokomme Standard on iso, ja se riitt\u00e4\u00e4 mainiosti suuriinkin printteihin. 120 filmille vaihtoehtona XL, jos halutaan puristaa filmist\u00e4 viimeisetkin yksityiskohdat ulos esimerkiksi suurta taulua varten.<\/p>\n<p dir=\"auto\">Valokuvat tehd\u00e4\u00e4n oikealle valotettavalle valokuvapaperille. Fuji DPII -paperissa on erinomainen kontrasti syv\u00e4n mustuman ansiosta, sek\u00e4 runsaan t\u00e4ytel\u00e4iset v\u00e4rit.<\/p>\n<p dir=\"auto\">Kehitetyt filmit toimitamme leikattuna negataskuun.<\/p>\n<p dir=\"auto\">*lyhyt sivu, eli:<\/p>\n<ul>\n<li dir=\"auto\">645 -kamerasta 10&#215;13 cm tai 15&#215;20 cm<\/li>\n<li dir=\"auto\">6&#215;6 -kamerasta 10&#215;10 cm tai 15&#215;15 cm<\/li>\n<li dir=\"auto\">6&#215;7 -kamerasta 10&#215;12 cm tai 15&#215;19 cm<\/li>\n<li dir=\"auto\">6&#215;9 -kamerasta 10&#215;15 cm tai 15&#215;23 cm<\/li>\n<\/ul>\n<p>6&#215;7 ja 6&#215;9 -kameroiden kuvakoot 10&#215;12, 15&#215;19, ja 15&#215;23 eiv\u00e4t sovi mihink\u00e4\u00e4n markkinoilla oleviin tavallisiin kehyksiin yms. Jos tahdot valokuvat l\u00e4himp\u00e4\u00e4n vakiokokoon, valitse Saa rajata. Kuvat ovat t\u00e4ll\u00f6in 10&#215;13, 15&#215;20, ja 15&#215;20. Tiedostot toimitetaan silti rajaamattomana.<\/p>","protected":false},"excerpt":{"rendered":"<p>120 filmin kehitys, skannaus ja valokuvat<\/p>","protected":false},"featured_media":2383,"comment_status":"open","ping_status":"closed","template":"","meta":[],"product_brand":[],"product_cat":[25],"product_tag":[],"class_list":{"0":"post-1952","1":"product","2":"type-product","3":"status-publish","4":"has-post-thumbnail","6":"product_cat-filmin-kehitys","7":"product_shipping_class-kirjelaatikko","9":"first","10":"instock","11":"taxable","12":"shipping-taxable","13":"purchasable","14":"product-type-variable","15":"has-default-attributes"},"_links":{"self":[{"href":"https:\/\/ninankuvamaailma.fi\/en\/wp-json\/wp\/v2\/product\/1952","targetHints":{"allow":["GET"]}}],"collection":[{"href":"https:\/\/ninankuvamaailma.fi\/en\/wp-json\/wp\/v2\/product"}],"about":[{"href":"https:\/\/ninankuvamaailma.fi\/en\/wp-json\/wp\/v2\/types\/product"}],"replies":[{"embeddable":true,"href":"https:\/\/ninankuvamaailma.fi\/en\/wp-json\/wp\/v2\/comments?post=1952"}],"wp:featuredmedia":[{"embeddable":true,"href":"https:\/\/ninankuvamaailma.fi\/en\/wp-json\/wp\/v2\/media\/2383"}],"wp:attachment":[{"href":"https:\/\/ninankuvamaailma.fi\/en\/wp-json\/wp\/v2\/media?parent=1952"}],"wp:term":[{"taxonomy":"product_brand","embeddable":true,"href":"https:\/\/ninankuvamaailma.fi\/en\/wp-json\/wp\/v2\/product_brand?post=1952"},{"taxonomy":"product_cat","embeddable":true,"href":"https:\/\/ninankuvamaailma.fi\/en\/wp-json\/wp\/v2\/product_cat?post=1952"},{"taxonomy":"product_tag","embeddable":true,"href":"https:\/\/ninankuvamaailma.fi\/en\/wp-json\/wp\/v2\/product_tag?post=1952"}],"curies":[{"name":"wp","href":"https:\/\/api.w.org\/{rel}","templated":true}]}}