{"id":1948,"date":"2025-10-28T07:34:59","date_gmt":"2025-10-28T05:34:59","guid":{"rendered":"http:\/\/ninankuvamaailma.fi\/?post_type=product&#038;p=1948"},"modified":"2025-12-17T11:39:57","modified_gmt":"2025-12-17T09:39:57","slug":"kehitys-skannaus-ja-valokuvat-35mm-filmi","status":"publish","type":"product","link":"https:\/\/ninankuvamaailma.fi\/en\/product\/kehitys-skannaus-ja-valokuvat-35mm-filmi\/","title":{"rendered":"Kehitys, skannaus ja valokuvat, 35mm filmi"},"content":{"rendered":"<p dir=\"auto\">T\u00e4m\u00e4 palvelu pit\u00e4\u00e4 sis\u00e4ll\u00e4\u00e4n 35mm filmin kehityksen, skannauksen kuvatiedostoiksi, sek\u00e4 10&#215;15 cm kokoiset valokuvat.<\/p>\n<p dir=\"auto\">Tavallinen kuvakokomme Standard on iso, ja se riitt\u00e4\u00e4 mainiosti suuriinkin printteihin. 35mm filmille vaihtoehtona Mini, jos kuvista ei tulevaisuudessakaan tarvitse saada noin A4-kokoa suurempaa.<\/p>\n<p dir=\"auto\">Valokuvat tehd\u00e4\u00e4n oikealle valotettavalle valokuvapaperille. Fuji DPII -paperissa on erinomainen kontrasti syv\u00e4n mustuman ansiosta, sek\u00e4 runsaan t\u00e4ytel\u00e4iset v\u00e4rit.<\/p>\n<p dir=\"auto\">Kehitetyt filmit toimitamme leikattuna negataskuun.<\/p>","protected":false},"excerpt":{"rendered":"<p>35mm filmin kehitys, skannaus ja valokuvat<\/p>","protected":false},"featured_media":2382,"comment_status":"open","ping_status":"closed","template":"","meta":[],"product_brand":[],"product_cat":[25],"product_tag":[],"class_list":{"0":"post-1948","1":"product","2":"type-product","3":"status-publish","4":"has-post-thumbnail","6":"product_cat-filmin-kehitys","7":"product_shipping_class-kirjelaatikko","9":"first","10":"instock","11":"taxable","12":"shipping-taxable","13":"purchasable","14":"product-type-variable","15":"has-default-attributes"},"_links":{"self":[{"href":"https:\/\/ninankuvamaailma.fi\/en\/wp-json\/wp\/v2\/product\/1948","targetHints":{"allow":["GET"]}}],"collection":[{"href":"https:\/\/ninankuvamaailma.fi\/en\/wp-json\/wp\/v2\/product"}],"about":[{"href":"https:\/\/ninankuvamaailma.fi\/en\/wp-json\/wp\/v2\/types\/product"}],"replies":[{"embeddable":true,"href":"https:\/\/ninankuvamaailma.fi\/en\/wp-json\/wp\/v2\/comments?post=1948"}],"wp:featuredmedia":[{"embeddable":true,"href":"https:\/\/ninankuvamaailma.fi\/en\/wp-json\/wp\/v2\/media\/2382"}],"wp:attachment":[{"href":"https:\/\/ninankuvamaailma.fi\/en\/wp-json\/wp\/v2\/media?parent=1948"}],"wp:term":[{"taxonomy":"product_brand","embeddable":true,"href":"https:\/\/ninankuvamaailma.fi\/en\/wp-json\/wp\/v2\/product_brand?post=1948"},{"taxonomy":"product_cat","embeddable":true,"href":"https:\/\/ninankuvamaailma.fi\/en\/wp-json\/wp\/v2\/product_cat?post=1948"},{"taxonomy":"product_tag","embeddable":true,"href":"https:\/\/ninankuvamaailma.fi\/en\/wp-json\/wp\/v2\/product_tag?post=1948"}],"curies":[{"name":"wp","href":"https:\/\/api.w.org\/{rel}","templated":true}]}}