{"id":1901,"date":"2025-10-27T13:13:32","date_gmt":"2025-10-27T11:13:32","guid":{"rendered":"http:\/\/ninankuvamaailma.fi\/?post_type=product&#038;p=1901"},"modified":"2025-12-17T11:39:57","modified_gmt":"2025-12-17T09:39:57","slug":"kehitys-ja-skannaus-35mm-filmi","status":"publish","type":"product","link":"https:\/\/ninankuvamaailma.fi\/en\/product\/kehitys-ja-skannaus-35mm-filmi\/","title":{"rendered":"Kehitys ja skannaus, 35mm filmi"},"content":{"rendered":"<p>T\u00e4m\u00e4 palvelu pit\u00e4\u00e4 sis\u00e4ll\u00e4\u00e4n 35mm filmin kehityksen, sek\u00e4 skannauksen kuvatiedostoiksi.<\/p>\n<p>Tavallinen kuvakokomme Standard on iso, ja se riitt\u00e4\u00e4 mainiosti suuriinkin printteihin. 35mm filmille vaihtoehtona Mini, jos kuvista ei tulevaisuudessakaan tarvitse saada noin A4-kokoa suurempaa.<\/p>\n<p>Kehitetyt filmit toimitamme leikattuna negataskuun.<\/p>","protected":false},"excerpt":{"rendered":"<p>35mm filmin kehitys ja skannaus.<\/p>","protected":false},"featured_media":2382,"comment_status":"open","ping_status":"closed","template":"","meta":[],"product_brand":[],"product_cat":[25],"product_tag":[],"class_list":{"0":"post-1901","1":"product","2":"type-product","3":"status-publish","4":"has-post-thumbnail","6":"product_cat-filmin-kehitys","7":"product_shipping_class-kirjelaatikko","9":"first","10":"instock","11":"taxable","12":"shipping-taxable","13":"purchasable","14":"product-type-variable","15":"has-default-attributes"},"_links":{"self":[{"href":"https:\/\/ninankuvamaailma.fi\/en\/wp-json\/wp\/v2\/product\/1901","targetHints":{"allow":["GET"]}}],"collection":[{"href":"https:\/\/ninankuvamaailma.fi\/en\/wp-json\/wp\/v2\/product"}],"about":[{"href":"https:\/\/ninankuvamaailma.fi\/en\/wp-json\/wp\/v2\/types\/product"}],"replies":[{"embeddable":true,"href":"https:\/\/ninankuvamaailma.fi\/en\/wp-json\/wp\/v2\/comments?post=1901"}],"wp:featuredmedia":[{"embeddable":true,"href":"https:\/\/ninankuvamaailma.fi\/en\/wp-json\/wp\/v2\/media\/2382"}],"wp:attachment":[{"href":"https:\/\/ninankuvamaailma.fi\/en\/wp-json\/wp\/v2\/media?parent=1901"}],"wp:term":[{"taxonomy":"product_brand","embeddable":true,"href":"https:\/\/ninankuvamaailma.fi\/en\/wp-json\/wp\/v2\/product_brand?post=1901"},{"taxonomy":"product_cat","embeddable":true,"href":"https:\/\/ninankuvamaailma.fi\/en\/wp-json\/wp\/v2\/product_cat?post=1901"},{"taxonomy":"product_tag","embeddable":true,"href":"https:\/\/ninankuvamaailma.fi\/en\/wp-json\/wp\/v2\/product_tag?post=1901"}],"curies":[{"name":"wp","href":"https:\/\/api.w.org\/{rel}","templated":true}]}}