{"id":1895,"date":"2025-10-27T12:56:47","date_gmt":"2025-10-27T10:56:47","guid":{"rendered":"http:\/\/ninankuvamaailma.fi\/?post_type=product&#038;p=1895"},"modified":"2025-12-17T11:40:14","modified_gmt":"2025-12-17T09:40:14","slug":"pelkka-kehitys-35mm-filmi","status":"publish","type":"product","link":"https:\/\/ninankuvamaailma.fi\/en\/product\/pelkka-kehitys-35mm-filmi\/","title":{"rendered":"Pelkk\u00e4 kehitys, 35mm filmi"},"content":{"rendered":"<p>T\u00e4m\u00e4 palvelu pit\u00e4\u00e4 sis\u00e4ll\u00e4\u00e4n 35mm filmin kehityksen. Kehitetyt filmit toimitamme joko leikattuna negataskuun, tai leikkaamattomana.<\/p>","protected":false},"excerpt":{"rendered":"<p>35mm Filmin kehitys.<\/p>","protected":false},"featured_media":2385,"comment_status":"open","ping_status":"closed","template":"","meta":[],"product_brand":[],"product_cat":[25],"product_tag":[],"class_list":{"0":"post-1895","1":"product","2":"type-product","3":"status-publish","4":"has-post-thumbnail","6":"product_cat-filmin-kehitys","7":"product_shipping_class-kirjelaatikko","9":"first","10":"instock","11":"taxable","12":"shipping-taxable","13":"purchasable","14":"product-type-variable","15":"has-default-attributes"},"_links":{"self":[{"href":"https:\/\/ninankuvamaailma.fi\/en\/wp-json\/wp\/v2\/product\/1895","targetHints":{"allow":["GET"]}}],"collection":[{"href":"https:\/\/ninankuvamaailma.fi\/en\/wp-json\/wp\/v2\/product"}],"about":[{"href":"https:\/\/ninankuvamaailma.fi\/en\/wp-json\/wp\/v2\/types\/product"}],"replies":[{"embeddable":true,"href":"https:\/\/ninankuvamaailma.fi\/en\/wp-json\/wp\/v2\/comments?post=1895"}],"wp:featuredmedia":[{"embeddable":true,"href":"https:\/\/ninankuvamaailma.fi\/en\/wp-json\/wp\/v2\/media\/2385"}],"wp:attachment":[{"href":"https:\/\/ninankuvamaailma.fi\/en\/wp-json\/wp\/v2\/media?parent=1895"}],"wp:term":[{"taxonomy":"product_brand","embeddable":true,"href":"https:\/\/ninankuvamaailma.fi\/en\/wp-json\/wp\/v2\/product_brand?post=1895"},{"taxonomy":"product_cat","embeddable":true,"href":"https:\/\/ninankuvamaailma.fi\/en\/wp-json\/wp\/v2\/product_cat?post=1895"},{"taxonomy":"product_tag","embeddable":true,"href":"https:\/\/ninankuvamaailma.fi\/en\/wp-json\/wp\/v2\/product_tag?post=1895"}],"curies":[{"name":"wp","href":"https:\/\/api.w.org\/{rel}","templated":true}]}}