{"id":3,"date":"2023-01-03T14:04:10","date_gmt":"2023-01-03T14:04:10","guid":{"rendered":"http:\/\/ninankuvamaailma.fi\/?page_id=3"},"modified":"2025-11-24T11:32:19","modified_gmt":"2025-11-24T09:32:19","slug":"privacy-policy","status":"publish","type":"page","link":"https:\/\/ninankuvamaailma.fi\/en\/privacy-policy\/","title":{"rendered":"Tietosuojaseloste"},"content":{"rendered":"<h2 class=\"wp-block-heading\">Tietosuojaseloste<\/h2>\n\n\n\n<p><strong>1. Rekisterinpit\u00e4j\u00e4<\/strong><\/p>\n\n\n\n<ul class=\"wp-block-list\">\n<li>Nimi: Ninan Kuvamaailma<\/li>\n\n\n\n<li>Y-tunnus: 2360382-4<\/li>\n\n\n\n<li>Osoite: Kuninkaankatu 5 H 180<\/li>\n\n\n\n<li>Postinumero: 33210<\/li>\n\n\n\n<li>Postitoimipaikka: TAMPERE<\/li>\n\n\n\n<li>Puhelinnumero: +358 40 7014214<\/li>\n\n\n\n<li>S\u00e4hk\u00f6postiosoite: nina@ninankuvamaailma.fi<\/li>\n<\/ul>\n\n\n\n<p><strong>2. Rekisteriasioita hoitava henkil\u00f6<\/strong><\/p>\n\n\n\n<ul class=\"wp-block-list\">\n<li>Yritys: Ninan Kuvamaailma<\/li>\n\n\n\n<li>Nimi: Tomi Tiitto<\/li>\n\n\n\n<li>Osoite: Kuninkaankatu 5 H 180<\/li>\n\n\n\n<li>Postinumero: 33210<\/li>\n\n\n\n<li>Postitoimipaikka: TAMPERE<\/li>\n\n\n\n<li>Puhelinnumero: +358 40 8616105<\/li>\n\n\n\n<li>S\u00e4hk\u00f6posti: tomi@ninankuvamaailma.fi<\/li>\n<\/ul>\n\n\n\n<p><strong>3. Tietosuojavastaava<\/strong><\/p>\n\n\n\n<ul class=\"wp-block-list\">\n<li>Yritys: Ninan Kuvamaailma<\/li>\n\n\n\n<li>Nimi: Tomi Tiitto<\/li>\n\n\n\n<li>Osoite: Kuninkaankatu 5 H 180<\/li>\n\n\n\n<li>Postinumero: 33210<\/li>\n\n\n\n<li>Postitoimipaikka: TAMPERE<\/li>\n\n\n\n<li>Puhelinnumero: +358 40 8616 105<\/li>\n\n\n\n<li>S\u00e4hk\u00f6posti: tomi@ninankuvamaailma.fi<\/li>\n<\/ul>\n\n\n\n<p><strong>4. Rekisterin k\u00e4ytt\u00f6tarkoitus<\/strong><\/p>\n\n\n\n<p>Ker\u00e4tt\u00e4vi\u00e4 henkil\u00f6tietoja k\u00e4ytet\u00e4\u00e4n:<\/p>\n\n\n\n<p>Asiakkaan tunnistautumiseen ja k\u00e4ytt\u00f6oikeuksien hallintaan. Rekister\u00f6ityneiden k\u00e4ytt\u00e4jien tilausten toimittamiseen ja asiakassuhteen yll\u00e4pitoon sek\u00e4 kehitt\u00e4miseen.<\/p>\n\n\n\n<p><strong>5. Tietojen ker\u00e4\u00e4misen ja k\u00e4sittelyn peruste<\/strong><\/p>\n\n\n\n<p>Asiakkaan tietoja ker\u00e4t\u00e4\u00e4n ja k\u00e4sitell\u00e4\u00e4n asiakkaan suostumuksella, tai asiakkaan kanssa teht\u00e4v\u00e4n sopimuksen t\u00e4yt\u00e4nt\u00f6\u00f6n panemiseksi.<\/p>\n\n\n\n<p><strong>6. Rekisterin tietosis\u00e4lt\u00f6<\/strong><\/p>\n\n\n\n<p>Yrityksen tai henkil\u00f6n nimi, mahdollinen Y-tunnus, toimitusosoite, s\u00e4hk\u00f6postiosoite, puhelinnumero, k\u00e4ytt\u00e4j\u00e4tunnus ja salasana.<\/p>\n\n\n\n<p><strong>7. Tietojen s\u00e4ilytysaika<\/strong><\/p>\n\n\n\n<p>Henkil\u00f6tiedot s\u00e4ilytet\u00e4\u00e4n niin kauan, kun niit\u00e4 tarvitaan asiakkaan kanssa teht\u00e4v\u00e4n sopimuksen t\u00e4yt\u00e4nt\u00f6\u00f6npanemiseksi tai asiakaspalvelun kehitt\u00e4miseksi.<\/p>\n\n\n\n<p><strong>8. S\u00e4\u00e4nn\u00f6nmukaiset tietol\u00e4hteet<\/strong><\/p>\n\n\n\n<p>Rekisteriin ker\u00e4t\u00e4\u00e4n tietoja:<\/p>\n\n\n\n<p>Henkil\u00f6lt\u00e4 itselt\u00e4\u00e4n. Viranomaisen pit\u00e4mist\u00e4 rekistereist\u00e4 lain sallimissa rajoissa (esim. ytj.fi). Tietoja ker\u00e4t\u00e4\u00e4n my\u00f6s Google Analytics \u2013analytiikkaty\u00f6kalun avulla.<\/p>\n\n\n\n<p><strong>9. S\u00e4\u00e4nn\u00f6nmukaiset tietojen luovutukset ja tietojen siirto EU:n tai Euroopan talousalueen ulkopuolelle<\/strong><\/p>\n\n\n\n<p>Tietoja ei s\u00e4\u00e4nn\u00f6nmukaisesti luovuteta yrityksen ulkopuolelle. Osa yrityksen k\u00e4ytt\u00e4mist\u00e4 ulkopuolisista palvelun- tai ohjelmistontarjoajista saattavat s\u00e4ilytt\u00e4\u00e4 tietoja EU:n tai Euroopan talousalueen ulkopuolella.<\/p>\n\n\n\n<p><strong>10. Ev\u00e4steiden (cookies) k\u00e4ytt\u00f6<\/strong><\/p>\n\n\n\n<p>K\u00e4yt\u00e4mme sivuillamme ns. cookie-toimintoa eli ev\u00e4steit\u00e4. Ev\u00e4ste on pieni, k\u00e4ytt\u00e4j\u00e4n tietokoneelle l\u00e4hetett\u00e4v\u00e4 ja siell\u00e4 s\u00e4ilytett\u00e4v\u00e4 tekstitiedosto, joka mahdollistaa internet-sivujen yll\u00e4pit\u00e4j\u00e4n tunnistamaan usein sivuilla vierailevat k\u00e4vij\u00e4t, helpottamaan k\u00e4vij\u00f6iden kirjautumista sivuille sek\u00e4 mahdollistamaan yhdistelm\u00e4tiedon laatimisen k\u00e4vij\u00f6ist\u00e4. T\u00e4m\u00e4n palautteen avulla pystymme jatkuvasti parantamaan sivujemme sis\u00e4lt\u00f6\u00e4. Ev\u00e4steet eiv\u00e4t vahingoita k\u00e4ytt\u00e4jien tietokoneita tai tiedostoja. K\u00e4yt\u00e4mme niit\u00e4 siten, ett\u00e4 voimme tarjota asiakkaillemme kunkin yksil\u00f6ityjen tarpeiden mukaisia tietoja ja palveluita.<\/p>\n\n\n\n<p>Mik\u00e4li sivuillamme vieraileva k\u00e4ytt\u00e4j\u00e4 ei halua meid\u00e4n saavan edell\u00e4 mainittuja tietoja ev\u00e4steiden avulla, useimmat selainohjelmat mahdollistavat ev\u00e4ste-toiminnon poiskytkemisen. T\u00e4m\u00e4 tapahtuu yleens\u00e4 selaimen asetuksien kautta.<\/p>\n\n\n\n<p>On kuitenkin hyv\u00e4 ottaa huomioon se, ett\u00e4 ev\u00e4steet voivat olla tarpeellisia joidenkin yll\u00e4pit\u00e4miemme sivujen ja tarjoamiemme palveluiden asianmukaiselle toimimiselle, kuten ostoskori.<\/p>\n\n\n\n<p>Emme k\u00e4yt\u00e4 ev\u00e4steit\u00e4 markkinointiin. Emme muutenkaan tee kohdistettua markkinointia ker\u00e4ttyjen tietojen pohjalta. Markkinointimme on kaikenkaikkiaan perin v\u00e4h\u00e4ist\u00e4.<\/p>\n\n\n\n<p><strong>11. Rekisterin suojaus<\/strong><\/p>\n\n\n\n<p>Tiedot siirret\u00e4\u00e4n SSL-suojatun yhteyden ylitse.<\/p>\n\n\n\n<p>S\u00e4hk\u00f6iset tiedot on suojattu palomuurilla, k\u00e4ytt\u00e4j\u00e4tunnuksin ja salasanoin.<\/p>\n\n\n\n<p>Tietojen k\u00e4ytt\u00f6oikeus on vain niill\u00e4 rekisterinpit\u00e4j\u00e4n palveluksessa olevilla henkil\u00f6ill\u00e4, jotka tarvitsevat tietoja teht\u00e4viss\u00e4\u00e4n.<\/p>\n\n\n\n<p><strong>12. Automaattinen p\u00e4\u00e4t\u00f6ksenteko<\/strong><\/p>\n\n\n\n<p>Automatisoituja yksitt\u00e4isp\u00e4\u00e4t\u00f6ksi\u00e4 (EU:n tietosuoja-asetuksen artikla 22) ei tehd\u00e4.<\/p>\n\n\n\n<p><strong>13. Rekister\u00f6idyn oikeudet<\/strong><\/p>\n\n\n\n<p>Rekister\u00f6idyll\u00e4 on oikeus tarkastaa, mit\u00e4 h\u00e4nt\u00e4 koskevia tietoja henkil\u00f6tietorekisteriin on talletettu. Kirjallinen tarkastuspyynt\u00f6 tulee l\u00e4hett\u00e4\u00e4 allekirjoitettuna rekisteriasioista vastaavalle henkil\u00f6lle.<\/p>\n\n\n\n<p>Tarkastusoikeus on maksuton enint\u00e4\u00e4n kerran kuukaudessa toteutettuna.<\/p>\n\n\n\n<p>Rekister\u00f6idyll\u00e4 on oikeus vaatia virheellisten tai vanhentuneiden tietojen oikaisua tai poistamista tai tietojen siirtoa j\u00e4rjestelm\u00e4st\u00e4 toiseen. H\u00e4nell\u00e4 on my\u00f6s oikeus rajoittaa tai vastustaa tietojensa k\u00e4sittely\u00e4 EU:n tietosuoja-asetuksen artiklojen 18 ja 21 mukaisesti.<\/p>\n\n\n\n<p>Rekister\u00f6idyll\u00e4 on oikeus peruuttaa aiemmin antamansa suostumus tietojen k\u00e4sittelylle tai tehd\u00e4 henkil\u00f6tietojensa k\u00e4sittelyyn liittyvist\u00e4 seikoista valitus valvontaviranomaiselle.<\/p>\n\n\n\n<p>Rekister\u00f6idyll\u00e4 on my\u00f6s oikeus kielt\u00e4\u00e4 tietojensa k\u00e4ytt\u00f6 suoramarkkinointitarkoituksiin.<\/p>","protected":false},"excerpt":{"rendered":"<p>Tietosuojaseloste 1. Rekisterinpit\u00e4j\u00e4 2. Rekisteriasioita hoitava henkil\u00f6 3. Tietosuojavastaava 4. Rekisterin k\u00e4ytt\u00f6tarkoitus Ker\u00e4tt\u00e4vi\u00e4 henkil\u00f6tietoja k\u00e4ytet\u00e4\u00e4n: Asiakkaan tunnistautumiseen ja k\u00e4ytt\u00f6oikeuksien hallintaan. Rekister\u00f6ityneiden k\u00e4ytt\u00e4jien tilausten toimittamiseen ja asiakassuhteen yll\u00e4pitoon sek\u00e4 kehitt\u00e4miseen. 5. Tietojen ker\u00e4\u00e4misen ja k\u00e4sittelyn peruste Asiakkaan tietoja ker\u00e4t\u00e4\u00e4n ja k\u00e4sitell\u00e4\u00e4n asiakkaan suostumuksella, tai asiakkaan kanssa teht\u00e4v\u00e4n sopimuksen t\u00e4yt\u00e4nt\u00f6\u00f6n panemiseksi. 6. Rekisterin tietosis\u00e4lt\u00f6 Yrityksen tai henkil\u00f6n [&hellip;]<\/p>","protected":false},"author":1,"featured_media":0,"parent":0,"menu_order":0,"comment_status":"closed","ping_status":"open","template":"","meta":{"footnotes":""},"class_list":["post-3","page","type-page","status-publish","hentry"],"_links":{"self":[{"href":"https:\/\/ninankuvamaailma.fi\/en\/wp-json\/wp\/v2\/pages\/3","targetHints":{"allow":["GET"]}}],"collection":[{"href":"https:\/\/ninankuvamaailma.fi\/en\/wp-json\/wp\/v2\/pages"}],"about":[{"href":"https:\/\/ninankuvamaailma.fi\/en\/wp-json\/wp\/v2\/types\/page"}],"author":[{"embeddable":true,"href":"https:\/\/ninankuvamaailma.fi\/en\/wp-json\/wp\/v2\/users\/1"}],"replies":[{"embeddable":true,"href":"https:\/\/ninankuvamaailma.fi\/en\/wp-json\/wp\/v2\/comments?post=3"}],"version-history":[{"count":3,"href":"https:\/\/ninankuvamaailma.fi\/en\/wp-json\/wp\/v2\/pages\/3\/revisions"}],"predecessor-version":[{"id":2938,"href":"https:\/\/ninankuvamaailma.fi\/en\/wp-json\/wp\/v2\/pages\/3\/revisions\/2938"}],"wp:attachment":[{"href":"https:\/\/ninankuvamaailma.fi\/en\/wp-json\/wp\/v2\/media?parent=3"}],"curies":[{"name":"wp","href":"https:\/\/api.w.org\/{rel}","templated":true}]}}