{"id":2584,"date":"2025-11-17T16:05:49","date_gmt":"2025-11-17T14:05:49","guid":{"rendered":"http:\/\/ninankuvamaailma.fi\/?page_id=2584"},"modified":"2025-11-17T16:37:57","modified_gmt":"2025-11-17T14:37:57","slug":"tilausohjeet","status":"publish","type":"page","link":"https:\/\/ninankuvamaailma.fi\/en\/tilausohjeet\/","title":{"rendered":"Tilausohjeet"},"content":{"rendered":"<div data-elementor-type=\"wp-page\" data-elementor-id=\"2584\" class=\"elementor elementor-2584\" data-elementor-post-type=\"page\">\n\t\t\t\t<div class=\"elementor-element elementor-element-2a319c94 e-flex e-con-boxed e-con e-parent\" data-id=\"2a319c94\" data-element_type=\"container\" data-e-type=\"container\" data-settings=\"{&quot;background_background&quot;:&quot;gradient&quot;}\">\n\t\t\t\t\t<div class=\"e-con-inner\">\n\t\t<div class=\"elementor-element elementor-element-497ac3f5 e-flex e-con-boxed e-con e-child\" data-id=\"497ac3f5\" data-element_type=\"container\" data-e-type=\"container\">\n\t\t\t\t\t<div class=\"e-con-inner\">\n\t\t\t\t<div class=\"elementor-element elementor-element-4068457f elementor-widget elementor-widget-heading\" data-id=\"4068457f\" data-element_type=\"widget\" data-e-type=\"widget\" data-widget_type=\"heading.default\">\n\t\t\t\t<div class=\"elementor-widget-container\">\n\t\t\t\t\t<h2 class=\"elementor-heading-title elementor-size-default\">Tilausohjeet<\/h2>\t\t\t\t<\/div>\n\t\t\t\t<\/div>\n\t\t\t\t<div class=\"elementor-element elementor-element-17561077 elementor-widget-divider--view-line elementor-widget elementor-widget-divider\" data-id=\"17561077\" data-element_type=\"widget\" data-e-type=\"widget\" data-widget_type=\"divider.default\">\n\t\t\t\t<div class=\"elementor-widget-container\">\n\t\t\t\t\t\t\t<div class=\"elementor-divider\">\n\t\t\t<span class=\"elementor-divider-separator\">\n\t\t\t\t\t\t<\/span>\n\t\t<\/div>\n\t\t\t\t\t\t<\/div>\n\t\t\t\t<\/div>\n\t\t\t\t<div class=\"elementor-element elementor-element-12e4340 elementor-widget elementor-widget-heading\" data-id=\"12e4340\" data-element_type=\"widget\" data-e-type=\"widget\" data-widget_type=\"heading.default\">\n\t\t\t\t<div class=\"elementor-widget-container\">\n\t\t\t\t\t<h4 class=\"elementor-heading-title elementor-size-default\">Aineisto-ohje<\/h4>\t\t\t\t<\/div>\n\t\t\t\t<\/div>\n\t\t\t\t\t<\/div>\n\t\t\t\t<\/div>\n\t\t<div class=\"elementor-element elementor-element-266a577 e-flex e-con-boxed e-con e-child\" data-id=\"266a577\" data-element_type=\"container\" data-e-type=\"container\">\n\t\t\t\t\t<div class=\"e-con-inner\">\n\t\t\t\t<div class=\"elementor-element elementor-element-20027860 elementor-widget elementor-widget-image\" data-id=\"20027860\" data-element_type=\"widget\" data-e-type=\"widget\" data-widget_type=\"image.default\">\n\t\t\t\t<div class=\"elementor-widget-container\">\n\t\t\t\t\t\t\t\t\t\t\t\t\t\t\t<img decoding=\"async\" src=\"https:\/\/ninankuvamaailma.fi\/wp-content\/uploads\/2023\/03\/ninan_logo.svg\" title=\"Ninan Kuvamaailma logo\" alt=\"Ninan Kuvamaailma logo\" loading=\"lazy\" \/>\t\t\t\t\t\t\t\t\t\t\t\t\t\t\t<\/div>\n\t\t\t\t<\/div>\n\t\t\t\t\t<\/div>\n\t\t\t\t<\/div>\n\t\t\t\t\t<\/div>\n\t\t\t\t<\/div>\n\t\t<div class=\"elementor-element elementor-element-e8e5c55 e-flex e-con-boxed e-con e-parent\" data-id=\"e8e5c55\" data-element_type=\"container\" data-e-type=\"container\">\n\t\t\t\t\t<div class=\"e-con-inner\">\n\t\t\t\t<div class=\"elementor-element elementor-element-bc8cb34 elementor-widget elementor-widget-heading\" data-id=\"bc8cb34\" data-element_type=\"widget\" data-e-type=\"widget\" data-widget_type=\"heading.default\">\n\t\t\t\t<div class=\"elementor-widget-container\">\n\t\t\t\t\t<h3 class=\"elementor-heading-title elementor-size-default\">Kuvapuoti<\/h3>\t\t\t\t<\/div>\n\t\t\t\t<\/div>\n\t\t\t\t<div class=\"elementor-element elementor-element-62b67db elementor-widget elementor-widget-text-editor\" data-id=\"62b67db\" data-element_type=\"widget\" data-e-type=\"widget\" data-widget_type=\"text-editor.default\">\n\t\t\t\t<div class=\"elementor-widget-container\">\n\t\t\t\t\t\t\t\t\t<p>Valokuvat, suuret kuvat ja canvastaulut tilaat helposti Kuvapuoti -tilausohjelmallamme. Lis\u00e4\u00e4 ohjeita l\u00f6yd\u00e4t <a href=\"https:\/\/ninankuvamaailma.fi\/en\/kuvatilaus\/\">t\u00e4\u00e4lt\u00e4<\/a>.<\/p>\t\t\t\t\t\t\t\t<\/div>\n\t\t\t\t<\/div>\n\t\t\t\t<div class=\"elementor-element elementor-element-1c132a5 elementor-widget elementor-widget-heading\" data-id=\"1c132a5\" data-element_type=\"widget\" data-e-type=\"widget\" data-widget_type=\"heading.default\">\n\t\t\t\t<div class=\"elementor-widget-container\">\n\t\t\t\t\t<h3 class=\"elementor-heading-title elementor-size-default\">S\u00e4hk\u00f6postitse<\/h3>\t\t\t\t<\/div>\n\t\t\t\t<\/div>\n\t\t\t\t<div class=\"elementor-element elementor-element-777dff8 elementor-widget elementor-widget-text-editor\" data-id=\"777dff8\" data-element_type=\"widget\" data-e-type=\"widget\" data-widget_type=\"text-editor.default\">\n\t\t\t\t<div class=\"elementor-widget-container\">\n\t\t\t\t\t\t\t\t\tVoit tehd\u00e4 tilauksen my\u00f6s s\u00e4hk\u00f6postin v\u00e4lityksell\u00e4. Yksitt\u00e4iset kuvatiedostot voi l\u00e4hett\u00e4\u00e4 s\u00e4hk\u00f6postin liittein\u00e4. Isompi m\u00e4\u00e4r\u00e4 kuvia ja suuret tiedostot kannattaa l\u00e4hett\u00e4\u00e4 esimerkiksi\u00a0<a href=\"http:\/\/fromsmash.com\" target=\"_blank\" rel=\"noopener\">http:\/\/fromsmash.com<\/a> tai\u00a0<a href=\"http:\/\/wetransfer.com\" target=\"_blank\" rel=\"noopener\">http:\/\/wetransfer.com<\/a> tiedostonsiirtopalvelun kautta.\t\t\t\t\t\t\t\t<\/div>\n\t\t\t\t<\/div>\n\t\t\t\t<div class=\"elementor-element elementor-element-c04fff3 elementor-widget elementor-widget-heading\" data-id=\"c04fff3\" data-element_type=\"widget\" data-e-type=\"widget\" data-widget_type=\"heading.default\">\n\t\t\t\t<div class=\"elementor-widget-container\">\n\t\t\t\t\t<h3 class=\"elementor-heading-title elementor-size-default\">Myym\u00e4l\u00e4ss\u00e4mme<\/h3>\t\t\t\t<\/div>\n\t\t\t\t<\/div>\n\t\t\t\t<div class=\"elementor-element elementor-element-f9ffa16 elementor-widget elementor-widget-text-editor\" data-id=\"f9ffa16\" data-element_type=\"widget\" data-e-type=\"widget\" data-widget_type=\"text-editor.default\">\n\t\t\t\t<div class=\"elementor-widget-container\">\n\t\t\t\t\t\t\t\t\t<p>Olet aina tervetullut asioimaan my\u00f6s myym\u00e4l\u00e4ss\u00e4mme Tampereella. Ota kuvatiedostot mukaan esimerkiksi tikulla, tai vaikka l\u00e4het\u00e4 etuk\u00e4teen <a href=\"http:\/\/fromsmash.com\" target=\"_blank\" rel=\"noopener\">http:\/\/fromsmash.com<\/a> tai\u00a0<a href=\"http:\/\/wetransfer.com\" target=\"_blank\" rel=\"noopener\">http:\/\/wetransfer.com<\/a> tiedostonsiirtopalvelun kautta.<\/p>\t\t\t\t\t\t\t\t<\/div>\n\t\t\t\t<\/div>\n\t\t\t\t\t<\/div>\n\t\t\t\t<\/div>\n\t\t\t\t<\/div>","protected":false},"excerpt":{"rendered":"<p>Tilausohjeet Aineisto-ohje Kuvapuoti Valokuvat, suuret kuvat ja canvastaulut tilaat helposti Kuvapuoti -tilausohjelmallamme. Lis\u00e4\u00e4 ohjeita l\u00f6yd\u00e4t t\u00e4\u00e4lt\u00e4. S\u00e4hk\u00f6postitse Voit tehd\u00e4 tilauksen my\u00f6s s\u00e4hk\u00f6postin v\u00e4lityksell\u00e4. Yksitt\u00e4iset kuvatiedostot voi l\u00e4hett\u00e4\u00e4 s\u00e4hk\u00f6postin liittein\u00e4. Isompi m\u00e4\u00e4r\u00e4 kuvia ja suuret tiedostot kannattaa l\u00e4hett\u00e4\u00e4 esimerkiksi\u00a0http:\/\/fromsmash.com tai\u00a0http:\/\/wetransfer.com tiedostonsiirtopalvelun kautta. Myym\u00e4l\u00e4ss\u00e4mme Olet aina tervetullut asioimaan my\u00f6s myym\u00e4l\u00e4ss\u00e4mme Tampereella. Ota kuvatiedostot mukaan esimerkiksi tikulla, tai [&hellip;]<\/p>","protected":false},"author":1,"featured_media":0,"parent":0,"menu_order":0,"comment_status":"closed","ping_status":"closed","template":"","meta":{"footnotes":""},"class_list":["post-2584","page","type-page","status-publish","hentry"],"_links":{"self":[{"href":"https:\/\/ninankuvamaailma.fi\/en\/wp-json\/wp\/v2\/pages\/2584","targetHints":{"allow":["GET"]}}],"collection":[{"href":"https:\/\/ninankuvamaailma.fi\/en\/wp-json\/wp\/v2\/pages"}],"about":[{"href":"https:\/\/ninankuvamaailma.fi\/en\/wp-json\/wp\/v2\/types\/page"}],"author":[{"embeddable":true,"href":"https:\/\/ninankuvamaailma.fi\/en\/wp-json\/wp\/v2\/users\/1"}],"replies":[{"embeddable":true,"href":"https:\/\/ninankuvamaailma.fi\/en\/wp-json\/wp\/v2\/comments?post=2584"}],"version-history":[{"count":4,"href":"https:\/\/ninankuvamaailma.fi\/en\/wp-json\/wp\/v2\/pages\/2584\/revisions"}],"predecessor-version":[{"id":3066,"href":"https:\/\/ninankuvamaailma.fi\/en\/wp-json\/wp\/v2\/pages\/2584\/revisions\/3066"}],"wp:attachment":[{"href":"https:\/\/ninankuvamaailma.fi\/en\/wp-json\/wp\/v2\/media?parent=2584"}],"curies":[{"name":"wp","href":"https:\/\/api.w.org\/{rel}","templated":true}]}}