{"id":2019,"date":"2025-10-31T17:23:09","date_gmt":"2025-10-31T15:23:09","guid":{"rendered":"http:\/\/ninankuvamaailma.fi\/?page_id=2019"},"modified":"2026-03-03T10:56:47","modified_gmt":"2026-03-03T08:56:47","slug":"pohjustukset","status":"publish","type":"page","link":"https:\/\/ninankuvamaailma.fi\/en\/pohjustukset\/","title":{"rendered":"Dibond mounts"},"content":{"rendered":"<div data-elementor-type=\"wp-page\" data-elementor-id=\"2019\" class=\"elementor elementor-2019\" data-elementor-post-type=\"page\">\n\t\t\t\t<div class=\"elementor-element elementor-element-199defbc e-flex e-con-boxed e-con e-parent\" data-id=\"199defbc\" data-element_type=\"container\" data-e-type=\"container\" data-settings=\"{&quot;background_background&quot;:&quot;gradient&quot;}\">\n\t\t\t\t\t<div class=\"e-con-inner\">\n\t\t<div class=\"elementor-element elementor-element-4acb77b4 e-flex e-con-boxed e-con e-child\" data-id=\"4acb77b4\" data-element_type=\"container\" data-e-type=\"container\">\n\t\t\t\t\t<div class=\"e-con-inner\">\n\t\t\t\t<div class=\"elementor-element elementor-element-646a0a16 elementor-widget elementor-widget-text-editor\" data-id=\"646a0a16\" data-element_type=\"widget\" data-e-type=\"widget\" data-widget_type=\"text-editor.default\">\n\t\t\t\t<div class=\"elementor-widget-container\">\n\t\t\t\t\t\t\t\t\t<p><span class=\"fontstyle0\">Alumiinikomposiittilevylle pohjustetut vedokset, eli<\/span><\/p>\t\t\t\t\t\t\t\t<\/div>\n\t\t\t\t<\/div>\n\t\t\t\t<div class=\"elementor-element elementor-element-4272188e elementor-widget elementor-widget-heading\" data-id=\"4272188e\" data-element_type=\"widget\" data-e-type=\"widget\" data-widget_type=\"heading.default\">\n\t\t\t\t<div class=\"elementor-widget-container\">\n\t\t\t\t\t<h1 class=\"elementor-heading-title elementor-size-default\">Dibond mounts<\/h1>\t\t\t\t<\/div>\n\t\t\t\t<\/div>\n\t\t\t\t<div class=\"elementor-element elementor-element-326b2686 elementor-widget-divider--view-line elementor-widget elementor-widget-divider\" data-id=\"326b2686\" data-element_type=\"widget\" data-e-type=\"widget\" data-widget_type=\"divider.default\">\n\t\t\t\t<div class=\"elementor-widget-container\">\n\t\t\t\t\t\t\t<div class=\"elementor-divider\">\n\t\t\t<span class=\"elementor-divider-separator\">\n\t\t\t\t\t\t<\/span>\n\t\t<\/div>\n\t\t\t\t\t\t<\/div>\n\t\t\t\t<\/div>\n\t\t\t\t<div class=\"elementor-element elementor-element-7b7f73b4 elementor-widget elementor-widget-text-editor\" data-id=\"7b7f73b4\" data-element_type=\"widget\" data-e-type=\"widget\" data-widget_type=\"text-editor.default\">\n\t\t\t\t<div class=\"elementor-widget-container\">\n\t\t\t\t\t\t\t\t\t<p>And other mounts<\/p>\t\t\t\t\t\t\t\t<\/div>\n\t\t\t\t<\/div>\n\t\t\t\t\t<\/div>\n\t\t\t\t<\/div>\n\t\t<div class=\"elementor-element elementor-element-5bf7f8d4 e-flex e-con-boxed e-con e-child\" data-id=\"5bf7f8d4\" data-element_type=\"container\" data-e-type=\"container\">\n\t\t\t\t\t<div class=\"e-con-inner\">\n\t\t\t\t<div class=\"elementor-element elementor-element-12deddb4 elementor-widget elementor-widget-image\" data-id=\"12deddb4\" data-element_type=\"widget\" data-e-type=\"widget\" data-widget_type=\"image.default\">\n\t\t\t\t<div class=\"elementor-widget-container\">\n\t\t\t\t\t\t\t\t\t\t\t\t\t\t\t<img fetchpriority=\"high\" decoding=\"async\" width=\"720\" height=\"480\" src=\"https:\/\/ninankuvamaailma.fi\/wp-content\/uploads\/2025\/11\/alumiinitaulu-sisustuksessa-vaaka_720px.jpg\" class=\"attachment-full size-full wp-image-2603\" alt=\"Alumiinitaulu ripustettuna sein\u00e4lle\" srcset=\"https:\/\/ninankuvamaailma.fi\/wp-content\/uploads\/2025\/11\/alumiinitaulu-sisustuksessa-vaaka_720px.jpg 720w, https:\/\/ninankuvamaailma.fi\/wp-content\/uploads\/2025\/11\/alumiinitaulu-sisustuksessa-vaaka_720px-300x200.jpg 300w, https:\/\/ninankuvamaailma.fi\/wp-content\/uploads\/2025\/11\/alumiinitaulu-sisustuksessa-vaaka_720px-18x12.jpg 18w, https:\/\/ninankuvamaailma.fi\/wp-content\/uploads\/2025\/11\/alumiinitaulu-sisustuksessa-vaaka_720px-600x400.jpg 600w\" sizes=\"(max-width: 720px) 100vw, 720px\" \/>\t\t\t\t\t\t\t\t\t\t\t\t\t\t\t<\/div>\n\t\t\t\t<\/div>\n\t\t\t\t\t<\/div>\n\t\t\t\t<\/div>\n\t\t\t\t\t<\/div>\n\t\t\t\t<\/div>\n\t\t<div class=\"elementor-element elementor-element-48018c9d e-flex e-con-boxed e-con e-parent\" data-id=\"48018c9d\" data-element_type=\"container\" data-e-type=\"container\">\n\t\t\t\t\t<div class=\"e-con-inner\">\n\t\t<div class=\"elementor-element elementor-element-54f69291 e-con-full e-flex e-con e-child\" data-id=\"54f69291\" data-element_type=\"container\" data-e-type=\"container\">\n\t\t\t\t<div class=\"elementor-element elementor-element-3ebf392 elementor-widget elementor-widget-image\" data-id=\"3ebf392\" data-element_type=\"widget\" data-e-type=\"widget\" data-widget_type=\"image.default\">\n\t\t\t\t<div class=\"elementor-widget-container\">\n\t\t\t\t\t\t\t\t\t\t\t\t\t\t\t<img decoding=\"async\" width=\"514\" height=\"720\" src=\"https:\/\/ninankuvamaailma.fi\/wp-content\/uploads\/2025\/11\/alumiinitaulu-sisustuksessa-pysty-720px.jpg\" class=\"attachment-large size-large wp-image-2605\" alt=\"Alumiinitaulu ripustettuna sein\u00e4lle\" srcset=\"https:\/\/ninankuvamaailma.fi\/wp-content\/uploads\/2025\/11\/alumiinitaulu-sisustuksessa-pysty-720px.jpg 514w, https:\/\/ninankuvamaailma.fi\/wp-content\/uploads\/2025\/11\/alumiinitaulu-sisustuksessa-pysty-720px-214x300.jpg 214w, https:\/\/ninankuvamaailma.fi\/wp-content\/uploads\/2025\/11\/alumiinitaulu-sisustuksessa-pysty-720px-9x12.jpg 9w, https:\/\/ninankuvamaailma.fi\/wp-content\/uploads\/2025\/11\/alumiinitaulu-sisustuksessa-pysty-720px-300x420.jpg 300w\" sizes=\"(max-width: 514px) 100vw, 514px\" \/>\t\t\t\t\t\t\t\t\t\t\t\t\t\t\t<\/div>\n\t\t\t\t<\/div>\n\t\t\t\t<div class=\"elementor-element elementor-element-1717a2bd elementor-widget elementor-widget-text-editor\" data-id=\"1717a2bd\" data-element_type=\"widget\" data-e-type=\"widget\" data-widget_type=\"text-editor.default\">\n\t\t\t\t<div class=\"elementor-widget-container\">\n\t\t\t\t\t\t\t\t\t<p>Alumiinitaulussa kuva on p\u00e4\u00e4osassa.<\/p>\t\t\t\t\t\t\t\t<\/div>\n\t\t\t\t<\/div>\n\t\t\t\t<div class=\"elementor-element elementor-element-f38f195 elementor-widget elementor-widget-text-editor\" data-id=\"f38f195\" data-element_type=\"widget\" data-e-type=\"widget\" data-widget_type=\"text-editor.default\">\n\t\t\t\t<div class=\"elementor-widget-container\">\n\t\t\t\t\t\t\t\t\t<p>Alumiinitaulut sopivat loistavasti valokuvan\u00e4yttelyihin, julkisiin tiloihin ja kodin seinille. Taulu on pelkistetyn minimalistinen, kun siin\u00e4 ei ole kehyst\u00e4 viem\u00e4ss\u00e4 kuvalta huomiota.<\/p>\t\t\t\t\t\t\t\t<\/div>\n\t\t\t\t<\/div>\n\t\t\t\t<\/div>\n\t\t<div class=\"elementor-element elementor-element-59df1674 e-con-full e-flex e-con e-child\" data-id=\"59df1674\" data-element_type=\"container\" data-e-type=\"container\">\n\t\t<div class=\"elementor-element elementor-element-2302d17c e-con-full e-flex e-con e-child\" data-id=\"2302d17c\" data-element_type=\"container\" data-e-type=\"container\">\n\t\t\t\t<div class=\"elementor-element elementor-element-1996156f elementor-widget elementor-widget-image\" data-id=\"1996156f\" data-element_type=\"widget\" data-e-type=\"widget\" data-widget_type=\"image.default\">\n\t\t\t\t<div class=\"elementor-widget-container\">\n\t\t\t\t\t\t\t\t\t\t\t\t\t\t\t<img decoding=\"async\" width=\"540\" height=\"540\" src=\"https:\/\/ninankuvamaailma.fi\/wp-content\/uploads\/2026\/03\/akl-taulun_kulma_540px.jpg\" class=\"elementor-animation-grow attachment-full size-full wp-image-3268\" alt=\"Alumiinitaulun kulma\" srcset=\"https:\/\/ninankuvamaailma.fi\/wp-content\/uploads\/2026\/03\/akl-taulun_kulma_540px.jpg 540w, https:\/\/ninankuvamaailma.fi\/wp-content\/uploads\/2026\/03\/akl-taulun_kulma_540px-300x300.jpg 300w, https:\/\/ninankuvamaailma.fi\/wp-content\/uploads\/2026\/03\/akl-taulun_kulma_540px-150x150.jpg 150w, https:\/\/ninankuvamaailma.fi\/wp-content\/uploads\/2026\/03\/akl-taulun_kulma_540px-12x12.jpg 12w, https:\/\/ninankuvamaailma.fi\/wp-content\/uploads\/2026\/03\/akl-taulun_kulma_540px-100x100.jpg 100w\" sizes=\"(max-width: 540px) 100vw, 540px\" \/>\t\t\t\t\t\t\t\t\t\t\t\t\t\t\t<\/div>\n\t\t\t\t<\/div>\n\t\t\t\t<div class=\"elementor-element elementor-element-3d5ea20f elementor-widget elementor-widget-text-editor\" data-id=\"3d5ea20f\" data-element_type=\"widget\" data-e-type=\"widget\" data-widget_type=\"text-editor.default\">\n\t\t\t\t<div class=\"elementor-widget-container\">\n\t\t\t\t\t\t\t\t\t<p>Alumiinitaulussa voidaan k\u00e4ytt\u00e4\u00e4 mit\u00e4 vain papereistamme.<\/p><p>Vedos pohjustetaan alumiinikomposiittilevylle, ja levyn reuna viimeistell\u00e4\u00e4n virheett\u00f6m\u00e4ksi.<\/p><p>Alumiinikomposiittilevymme on eurooppalaista.\u00a0<\/p>\t\t\t\t\t\t\t\t<\/div>\n\t\t\t\t<\/div>\n\t\t\t\t<\/div>\n\t\t<div class=\"elementor-element elementor-element-998b854 e-con-full e-flex e-con e-child\" data-id=\"998b854\" data-element_type=\"container\" data-e-type=\"container\">\n\t\t\t\t<div class=\"elementor-element elementor-element-7d555580 elementor-widget elementor-widget-image\" data-id=\"7d555580\" data-element_type=\"widget\" data-e-type=\"widget\" data-widget_type=\"image.default\">\n\t\t\t\t<div class=\"elementor-widget-container\">\n\t\t\t\t\t\t\t\t\t\t\t\t\t\t\t<img loading=\"lazy\" decoding=\"async\" width=\"512\" height=\"546\" src=\"https:\/\/ninankuvamaailma.fi\/wp-content\/uploads\/2024\/07\/akl_tausta.jpg\" class=\"elementor-animation-grow attachment-full size-full wp-image-1238\" alt=\"alumiinitaulu eli Dibond pohjustettu valokuva takapuolelta\" srcset=\"https:\/\/ninankuvamaailma.fi\/wp-content\/uploads\/2024\/07\/akl_tausta.jpg 512w, https:\/\/ninankuvamaailma.fi\/wp-content\/uploads\/2024\/07\/akl_tausta-300x320.jpg 300w, https:\/\/ninankuvamaailma.fi\/wp-content\/uploads\/2024\/07\/akl_tausta-281x300.jpg 281w, https:\/\/ninankuvamaailma.fi\/wp-content\/uploads\/2024\/07\/akl_tausta-11x12.jpg 11w\" sizes=\"(max-width: 512px) 100vw, 512px\" \/>\t\t\t\t\t\t\t\t\t\t\t\t\t\t\t<\/div>\n\t\t\t\t<\/div>\n\t\t\t\t<div class=\"elementor-element elementor-element-4ed4b001 elementor-widget elementor-widget-text-editor\" data-id=\"4ed4b001\" data-element_type=\"widget\" data-e-type=\"widget\" data-widget_type=\"text-editor.default\">\n\t\t\t\t<div class=\"elementor-widget-container\">\n\t\t\t\t\t\t\t\t\t<p>Taakse kiinnitet\u00e4\u00e4n ripustuskehikko, joka tuo kuvan hieman irti sein\u00e4st\u00e4.<\/p><p>Saatavilla on erilaisia ripustimia joka tarpeeseen. Tavallisesti pienemmiss\u00e4 tauluissa yksi ripustin keskell\u00e4 taulua, ja suuremmissa tauluissa suoraan ripustamista helpottavat kulmaraudat.<\/p><p>Taustakehikko on pinnoitettua suomalaista m\u00e4nty\u00e4.<\/p>\t\t\t\t\t\t\t\t<\/div>\n\t\t\t\t<\/div>\n\t\t\t\t<\/div>\n\t\t\t\t<\/div>\n\t\t\t\t\t<\/div>\n\t\t\t\t<\/div>\n\t\t<div class=\"elementor-element elementor-element-e2baa4b e-flex e-con-boxed e-con e-parent\" data-id=\"e2baa4b\" data-element_type=\"container\" data-e-type=\"container\">\n\t\t\t\t\t<div class=\"e-con-inner\">\n\t\t<div class=\"elementor-element elementor-element-fd30c52 e-flex e-con-boxed e-con e-child\" data-id=\"fd30c52\" data-element_type=\"container\" data-e-type=\"container\">\n\t\t\t\t\t<div class=\"e-con-inner\">\n\t\t\t\t<div class=\"elementor-element elementor-element-c2ef316 elementor-widget elementor-widget-image\" data-id=\"c2ef316\" data-element_type=\"widget\" data-e-type=\"widget\" data-widget_type=\"image.default\">\n\t\t\t\t<div class=\"elementor-widget-container\">\n\t\t\t\t\t\t\t\t\t\t\t\t\t\t\t<img loading=\"lazy\" decoding=\"async\" width=\"480\" height=\"720\" src=\"https:\/\/ninankuvamaailma.fi\/wp-content\/uploads\/2025\/11\/pohjustuslevyt-720px.jpg\" class=\"attachment-full size-full wp-image-2844\" alt=\"pohjustuslevyj\u00e4 Dibond, musta kapalevy, hapoton taustapahvi\" srcset=\"https:\/\/ninankuvamaailma.fi\/wp-content\/uploads\/2025\/11\/pohjustuslevyt-720px.jpg 480w, https:\/\/ninankuvamaailma.fi\/wp-content\/uploads\/2025\/11\/pohjustuslevyt-720px-200x300.jpg 200w, https:\/\/ninankuvamaailma.fi\/wp-content\/uploads\/2025\/11\/pohjustuslevyt-720px-8x12.jpg 8w, https:\/\/ninankuvamaailma.fi\/wp-content\/uploads\/2025\/11\/pohjustuslevyt-720px-300x450.jpg 300w\" sizes=\"(max-width: 480px) 100vw, 480px\" \/>\t\t\t\t\t\t\t\t\t\t\t\t\t\t\t<\/div>\n\t\t\t\t<\/div>\n\t\t\t\t\t<\/div>\n\t\t\t\t<\/div>\n\t\t<div class=\"elementor-element elementor-element-32cf34e e-flex e-con-boxed e-con e-child\" data-id=\"32cf34e\" data-element_type=\"container\" data-e-type=\"container\">\n\t\t\t\t\t<div class=\"e-con-inner\">\n\t\t\t\t<div class=\"elementor-element elementor-element-2011912 elementor-widget elementor-widget-heading\" data-id=\"2011912\" data-element_type=\"widget\" data-e-type=\"widget\" data-widget_type=\"heading.default\">\n\t\t\t\t<div class=\"elementor-widget-container\">\n\t\t\t\t\t<h2 class=\"elementor-heading-title elementor-size-default\">Pohjustukset<\/h2>\t\t\t\t<\/div>\n\t\t\t\t<\/div>\n\t\t\t\t<div class=\"elementor-element elementor-element-79ff888 elementor-widget-divider--view-line elementor-widget elementor-widget-divider\" data-id=\"79ff888\" data-element_type=\"widget\" data-e-type=\"widget\" data-widget_type=\"divider.default\">\n\t\t\t\t<div class=\"elementor-widget-container\">\n\t\t\t\t\t\t\t<div class=\"elementor-divider\">\n\t\t\t<span class=\"elementor-divider-separator\">\n\t\t\t\t\t\t<\/span>\n\t\t<\/div>\n\t\t\t\t\t\t<\/div>\n\t\t\t\t<\/div>\n\t\t\t\t<div class=\"elementor-element elementor-element-d18a323 elementor-widget elementor-widget-text-editor\" data-id=\"d18a323\" data-element_type=\"widget\" data-e-type=\"widget\" data-widget_type=\"text-editor.default\">\n\t\t\t\t<div class=\"elementor-widget-container\">\n\t\t\t\t\t\t\t\t\t<p>Kaikki valokuva- ja fine art -paperit voidaan pohjustaa. Pohjustus pit\u00e4\u00e4 vedoksen suorana ja ryhdikk\u00e4\u00e4n\u00e4 kehyksiss\u00e4. Alumiinipohjustetut, sek\u00e4 vahvemmille kevytlevyille pohjustetut kuvat voidaan my\u00f6s ripustaa sein\u00e4lle sellaisenaan. Pohjustusmateriaalimme ovat happovapaita tai ph-neutraaleja, eli ne eiv\u00e4t pilaa vedoksia ajan saatossa.<\/p>\t\t\t\t\t\t\t\t<\/div>\n\t\t\t\t<\/div>\n\t\t\t\t<div class=\"elementor-element elementor-element-9a1fcba elementor-widget elementor-widget-heading\" data-id=\"9a1fcba\" data-element_type=\"widget\" data-e-type=\"widget\" data-widget_type=\"heading.default\">\n\t\t\t\t<div class=\"elementor-widget-container\">\n\t\t\t\t\t<h3 class=\"elementor-heading-title elementor-size-default\">Kevytlevyt<\/h3>\t\t\t\t<\/div>\n\t\t\t\t<\/div>\n\t\t\t\t<div class=\"elementor-element elementor-element-ab23009 elementor-widget elementor-widget-text-editor\" data-id=\"ab23009\" data-element_type=\"widget\" data-e-type=\"widget\" data-widget_type=\"text-editor.default\">\n\t\t\t\t<div class=\"elementor-widget-container\">\n\t\t\t\t\t\t\t\t\t<p>Kevytlevy, eli foam board, eli kapalevy on vaahtosisuksinen kartonkip\u00e4\u00e4llysteinen levy. Vaihtoehtona on musta 5mm paksu kevytlevy, sek\u00e4 alumiinivahvisteinen 10mm musta kevytlevy, joka sopii erityisesti sellaisenaan ripustettavaksi.<\/p>\t\t\t\t\t\t\t\t<\/div>\n\t\t\t\t<\/div>\n\t\t\t\t<div class=\"elementor-element elementor-element-0c82357 elementor-widget elementor-widget-heading\" data-id=\"0c82357\" data-element_type=\"widget\" data-e-type=\"widget\" data-widget_type=\"heading.default\">\n\t\t\t\t<div class=\"elementor-widget-container\">\n\t\t\t\t\t<h3 class=\"elementor-heading-title elementor-size-default\">Planboard<\/h3>\t\t\t\t<\/div>\n\t\t\t\t<\/div>\n\t\t\t\t<div class=\"elementor-element elementor-element-0ccfa6b elementor-widget elementor-widget-text-editor\" data-id=\"0ccfa6b\" data-element_type=\"widget\" data-e-type=\"widget\" data-widget_type=\"text-editor.default\">\n\t\t\t\t<div class=\"elementor-widget-container\">\n\t\t\t\t\t\t\t\t\t<p>Kotimainen Planboard on erityisesti kehystykseen sopivaa 2mm paksua hapotonta taustakartonkia.<\/p>\t\t\t\t\t\t\t\t<\/div>\n\t\t\t\t<\/div>\n\t\t\t\t\t<\/div>\n\t\t\t\t<\/div>\n\t\t\t\t\t<\/div>\n\t\t\t\t<\/div>\n\t\t\t\t<\/div>","protected":false},"excerpt":{"rendered":"<p>Alumiinikomposiittilevylle pohjustetut vedokset, eli Alumiinitaulut Ja muut pohjustukset Alumiinitaulussa kuva on p\u00e4\u00e4osassa. Alumiinitaulut sopivat loistavasti valokuvan\u00e4yttelyihin, julkisiin tiloihin ja kodin seinille. Taulu on pelkistetyn minimalistinen, kun siin\u00e4 ei ole kehyst\u00e4 viem\u00e4ss\u00e4 kuvalta huomiota. Alumiinitaulussa voidaan k\u00e4ytt\u00e4\u00e4 mit\u00e4 vain papereistamme. Vedos pohjustetaan alumiinikomposiittilevylle, ja levyn reuna viimeistell\u00e4\u00e4n virheett\u00f6m\u00e4ksi. Alumiinikomposiittilevymme on eurooppalaista.\u00a0 Taakse kiinnitet\u00e4\u00e4n ripustuskehikko, joka tuo [&hellip;]<\/p>","protected":false},"author":1,"featured_media":0,"parent":0,"menu_order":0,"comment_status":"closed","ping_status":"closed","template":"","meta":{"footnotes":""},"class_list":["post-2019","page","type-page","status-publish","hentry"],"_links":{"self":[{"href":"https:\/\/ninankuvamaailma.fi\/en\/wp-json\/wp\/v2\/pages\/2019","targetHints":{"allow":["GET"]}}],"collection":[{"href":"https:\/\/ninankuvamaailma.fi\/en\/wp-json\/wp\/v2\/pages"}],"about":[{"href":"https:\/\/ninankuvamaailma.fi\/en\/wp-json\/wp\/v2\/types\/page"}],"author":[{"embeddable":true,"href":"https:\/\/ninankuvamaailma.fi\/en\/wp-json\/wp\/v2\/users\/1"}],"replies":[{"embeddable":true,"href":"https:\/\/ninankuvamaailma.fi\/en\/wp-json\/wp\/v2\/comments?post=2019"}],"version-history":[{"count":4,"href":"https:\/\/ninankuvamaailma.fi\/en\/wp-json\/wp\/v2\/pages\/2019\/revisions"}],"predecessor-version":[{"id":3272,"href":"https:\/\/ninankuvamaailma.fi\/en\/wp-json\/wp\/v2\/pages\/2019\/revisions\/3272"}],"wp:attachment":[{"href":"https:\/\/ninankuvamaailma.fi\/en\/wp-json\/wp\/v2\/media?parent=2019"}],"curies":[{"name":"wp","href":"https:\/\/api.w.org\/{rel}","templated":true}]}}