{"id":1795,"date":"2025-11-24T11:22:53","date_gmt":"2025-11-24T09:22:53","guid":{"rendered":"http:\/\/ninankuvamaailma.fi\/?page_id=1795"},"modified":"2025-11-24T11:32:36","modified_gmt":"2025-11-24T09:32:36","slug":"refund_returns","status":"publish","type":"page","link":"https:\/\/ninankuvamaailma.fi\/en\/refund_returns\/","title":{"rendered":"Toimitusehdot"},"content":{"rendered":"<h2 class=\"wp-block-heading\">Toimitusehdot<\/h2>\n\n\n\n<h4 class=\"wp-block-heading\">Yleist\u00e4<\/h4>\n\n\n\n<p>Ninan Kuvamaailma, y-tunnus: 2360382-4, osoite: Kuninkaankatu 5 H 180, 33210 Tampere; myy tuotteita yrityksille ja t\u00e4ysi-ik\u00e4isille yksityishenkil\u00f6ille EU-alueelle. N\u00e4m\u00e4 toimitusehdot soveltuvat tuotteiden tilaamiseen verkkokaupassamme sek\u00e4 vastaaviin toimituksiin.<\/p>\n\n\n\n<p>N\u00e4m\u00e4 toimitusehtomme ovat voimassa <strong>1.10.2025<\/strong> alkaen. Voimme muuttaa toimitusehtoja yksipuolisesti aika ajoin, joten tutustuthan toimitusehtoihimme joka kerta etuk\u00e4teen kun tilaat tuotteita verkkokaupastamme.<\/p>\n\n\n\n<h4 class=\"wp-block-heading\">Tuotteet ja tuotehinnat<\/h4>\n\n\n\n<p>Verkkokaupan tuotteiden ominaisuudet ja hinnat on esitetty kunkin tuotteen tuote-esittelyn yhteydess\u00e4. Pid\u00e4t\u00e4mme oikeuden hintojen ja toimituskulujen muutoksiin, joten tarkastathan ko. hinnat ostoskorista ennen kuin hyv\u00e4ksyt tilauksen. Tuotteiden hinnat sis\u00e4lt\u00e4v\u00e4t veroja, joka ilmenee ostoskorissa ja tilausvahvistuksessa.<\/p>\n\n\n\n<h4 class=\"wp-block-heading\">Toimituskulut<\/h4>\n\n\n\n<p>Tilauksesta mahdollisesti veloitettavat toimituskulut riippuvat itse tuotteesta (esim. paino, pakkaus) ja valitusta toimitustavasta ja ne lis\u00e4t\u00e4\u00e4n automaattisesti tilauksen loppusummaan. N\u00e4et tilauksestasi veloitettavat toimituskulut (jos toimituskuluja veloitetaan) ostoskoristasi ennen kuin hyv\u00e4ksyt tilauksen.<\/p>\n\n\n\n<h4 class=\"wp-block-heading\">Tilaaminen ja sopimus<\/h4>\n\n\n\n<p>Voit tilata tuotteita verkkokaupassamme siirt\u00e4m\u00e4ll\u00e4 niit\u00e4 ostoskoriin ja vahvistamalla tilauksen ja maksamalla ostoskorin sis\u00e4ll\u00f6n maksupalvelussa. Tilatessasi verkkokaupastamme sinun edellytet\u00e4\u00e4n tutustuneen ja sitoutuneen kulloinkin voimassa oleviin toimitusehtoihimme. Ymm\u00e4rr\u00e4t, ett\u00e4 hyv\u00e4ksym\u00e4si ja vahvistamamme tilauksesi on, paitsi silt\u00e4 osin mit\u00e4 my\u00f6hemmin mainitaan peruttamisoikeudesta, sitova ja synnytt\u00e4\u00e4 n\u00e4iden toimitusehtojen kanssa sopimuksen v\u00e4lillemme.<\/p>\n\n\n\n<h4 class=\"wp-block-heading\">Maksaminen ja maksutavat<\/h4>\n\n\n\n<p>Voit maksaa tilauksesi verkkokaupassa kuvatuilla ja ostoskorissa valittavissa olevilla maksutavoilla.<\/p>\n\n\n\n<h4 class=\"wp-block-heading\">Tilaus- ja maksuvahvistus<\/h4>\n\n\n\n<p>Onnistuneen tilauksen j\u00e4lkeen s\u00e4hk\u00f6postiisi l\u00e4hetet\u00e4\u00e4n tilausvahvistus, joten annathan s\u00e4hk\u00f6postiosoitteesi kun teet tilauksen. Tilausvahvistuksessa vahvistetaan my\u00f6s k\u00e4ytetty maksutapa.<\/p>\n\n\n\n<p>Jos emme jostain odottamattomasta syyst\u00e4 voi vahvistaa tilaustasi ilmoitamme siit\u00e4 s\u00e4hk\u00f6postiisi mahdollisimman pian.<\/p>\n\n\n\n<h4 class=\"wp-block-heading\">Toimitustapa<\/h4>\n\n\n\n<p>Tilauksen voi noutaa liikkeest\u00e4mme Ninan Kuvamaailmasta, Kuninkaankatu 5 H 180, 33210 Tampere, arkisin 9-17. L\u00e4het\u00e4mme viestin, kun tilaus on noudettavissa.<\/p>\n\n\n\n<p>Toimitamme tilauksesi kirjeen\u00e4 tai Matkahuollon pakettina. Jos toimitus vaatii jotain muuta l\u00e4hetystapaa esimerkiksi kokonsa puolesta, otamme sinuun yhteytt\u00e4 ennen l\u00e4hetyst\u00e4.<\/p>\n\n\n\n<h4 class=\"wp-block-heading\">Toimitusaika<\/h4>\n\n\n\n<p>Yleisimm\u00e4t toimitusaikamme EU -alueelle ovat tilauksesta ja toimitustavasta riippuen 1-14 p\u00e4iv\u00e4\u00e4. Valokuvatilaukset teemme yleens\u00e4 1-3 p\u00e4iv\u00e4ss\u00e4, tauluissa kest\u00e4\u00e4 pidemp\u00e4\u00e4n. T\u00e4st\u00e4 poikkeavissa tapauksissa otamme yhteytt\u00e4 s\u00e4hk\u00f6postitse.<\/p>\n\n\n\n<p><strong>Peruutusoikeus ja palautusehdot<\/strong><\/p>\n\n\n\n<p>Voit peruuttaa tilauksen ennen sen toimitusta. Peruuttamisesta veloitamme ne materiaalikulut, jotka meille on tilauksen valmistamisesta siihen menness\u00e4 koitunut. Jos emme ole aloittaneet tilauksen valmistamista, ei kuluja ole. Jos olemme jo ehtineet l\u00e4hett\u00e4\u00e4 tuotteen, joudumme veloittamaan my\u00f6s palautuksesta koituvat toimituskulut. Otathan siis v\u00e4litt\u00f6m\u00e4sti yhteytt\u00e4, jos haluat peruuttaa tekem\u00e4si tilauksen, ettemme valmista tilaustasi turhaan. Palautamme tilauksesta maksamasi rahat viivytyksett\u00e4 kuluttajasuojalain mukaisesti.<\/p>\n\n\n\n<p>Jokainen tilattu taulu valmistetaan mittatilauksena tilauksessa valituihin ominaisuuksiin. T\u00e4ten toimitetuilla tuotteilla ei ole palautusoikeutta. Ota kuitenkin ongelmatilanteessa yhteytt\u00e4, niin katsotaan, onko jotain teht\u00e4viss\u00e4.<\/p>\n\n\n\n<p>Palautusosoitteemme:<\/p>\n\n\n\n<p>Ninan Kuvamaailma<br>Kuninkaankatu 5 H 180<br>33210 Tampere<\/p>\n\n\n\n<h4 class=\"wp-block-heading\">L\u00e4hetyksen tarkistus, virhe- ja ongelmatilanteet<\/h4>\n\n\n\n<p>Tarkistathan toimituksen heti sen saatuasi. Jos tuote on kadonnut tai vioittunut kuljetuksen aikana tai se ei muuten vastaa tilaustasi tai on virheellinen, ilmoitathan siit\u00e4 mahdollisimman pian ja viimeist\u00e4\u00e4n 14 p\u00e4iv\u00e4n kuluessa, niin sovimme miten saamme virheen korjattua. Kuluttajakaupassa noudatamme virheiden osalta pakottavia kuluttajasuojalain virhevastuus\u00e4\u00e4nn\u00f6ksi\u00e4.<\/p>\n\n\n\n<h4 class=\"wp-block-heading\">Asiakaspalvelu<\/h4>\n\n\n\n<p>Autamme sinua tilaukseesi liittyviss\u00e4 kysymyksiss\u00e4. Otathan yhteytt\u00e4, joko s\u00e4hk\u00f6postitse tai puhelimitse:<\/p>\n\n\n\n<p><a href=\"mailto:nina@ninankuvamaailma.fi\">nina@ninankuvamaailma.fi<\/a><br>040 7014 214<br>arkisin 10-17<\/p>\n\n\n\n<h4 class=\"wp-block-heading\">Vastuunrajoitus<\/h4>\n\n\n\n<p>Ninan Kuvamaailma ei vastaa mist\u00e4\u00e4n tilaukseen, toimitukseen tai tuotteeseen liittyv\u00e4st\u00e4 tai mist\u00e4\u00e4n edell\u00e4 mainitusta aiheutuneesta v\u00e4lillisest\u00e4 tai v\u00e4litt\u00f6m\u00e4st\u00e4 tai muusta vahingosta paitsi siihen asti kuin pakottava m\u00e4\u00e4r\u00e4ys kuluttajansuojalaissa tai muussa pakottavassa laissa on kyseisen vahingon osalta toisin m\u00e4\u00e4r\u00e4nnyt.<\/p>\n\n\n\n<h4 class=\"wp-block-heading\">Erimielisyydet<\/h4>\n\n\n\n<p>Pyrimme sopimaan tilaustasi koskevat mahdolliset erimielisyydet ensisijaisesti sopimalla, joten otathan meihin ensisijassa yhteytt\u00e4 sopiaksemme asian.<\/p>\n\n\n\n<p>Jos kauppasopimusta koskevaa erimielisyytt\u00e4 ei saada ratkaistuksi osapuolten v\u00e4lisill\u00e4 neuvotteluilla, kuluttaja voi saattaa asian kuluttajariitalautakunnan (<a href=\"http:\/\/www.kuluttajariita.fi\/\" target=\"_blank\" rel=\"noopener\">www.kuluttajariita.fi<\/a>) ratkaistavaksi. Ennen asian viemist\u00e4 kuluttajariitalautakunnan k\u00e4sittelyyn kuluttajan tulee olla yhteydess\u00e4 maistraattien kuluttajaneuvontaan (<a href=\"http:\/\/www.kuluttajaneuvonta.fi\/\" target=\"_blank\" rel=\"noopener\">www.kuluttajaneuvonta.fi<\/a>).<\/p>","protected":false},"excerpt":{"rendered":"<p>Toimitusehdot Yleist\u00e4 Ninan Kuvamaailma, y-tunnus: 2360382-4, osoite: Kuninkaankatu 5 H 180, 33210 Tampere; myy tuotteita yrityksille ja t\u00e4ysi-ik\u00e4isille yksityishenkil\u00f6ille EU-alueelle. N\u00e4m\u00e4 toimitusehdot soveltuvat tuotteiden tilaamiseen verkkokaupassamme sek\u00e4 vastaaviin toimituksiin. N\u00e4m\u00e4 toimitusehtomme ovat voimassa 1.10.2025 alkaen. Voimme muuttaa toimitusehtoja yksipuolisesti aika ajoin, joten tutustuthan toimitusehtoihimme joka kerta etuk\u00e4teen kun tilaat tuotteita verkkokaupastamme. Tuotteet ja tuotehinnat Verkkokaupan [&hellip;]<\/p>","protected":false},"author":1,"featured_media":0,"parent":0,"menu_order":0,"comment_status":"closed","ping_status":"closed","template":"","meta":{"footnotes":""},"class_list":["post-1795","page","type-page","status-publish","hentry"],"_links":{"self":[{"href":"https:\/\/ninankuvamaailma.fi\/en\/wp-json\/wp\/v2\/pages\/1795","targetHints":{"allow":["GET"]}}],"collection":[{"href":"https:\/\/ninankuvamaailma.fi\/en\/wp-json\/wp\/v2\/pages"}],"about":[{"href":"https:\/\/ninankuvamaailma.fi\/en\/wp-json\/wp\/v2\/types\/page"}],"author":[{"embeddable":true,"href":"https:\/\/ninankuvamaailma.fi\/en\/wp-json\/wp\/v2\/users\/1"}],"replies":[{"embeddable":true,"href":"https:\/\/ninankuvamaailma.fi\/en\/wp-json\/wp\/v2\/comments?post=1795"}],"version-history":[{"count":3,"href":"https:\/\/ninankuvamaailma.fi\/en\/wp-json\/wp\/v2\/pages\/1795\/revisions"}],"predecessor-version":[{"id":2939,"href":"https:\/\/ninankuvamaailma.fi\/en\/wp-json\/wp\/v2\/pages\/1795\/revisions\/2939"}],"wp:attachment":[{"href":"https:\/\/ninankuvamaailma.fi\/en\/wp-json\/wp\/v2\/media?parent=1795"}],"curies":[{"name":"wp","href":"https:\/\/api.w.org\/{rel}","templated":true}]}}